{"id":3,"date":"2021-03-27T13:19:03","date_gmt":"2021-03-27T13:19:03","guid":{"rendered":"https:\/\/local.ardeadvisory.com\/?page_id=3"},"modified":"2021-04-11T07:34:57","modified_gmt":"2021-04-11T07:34:57","slug":"politica-privacidad","status":"publish","type":"page","link":"https:\/\/ardeadvisory.com\/en\/politica-privacidad\/","title":{"rendered":"Privacy policy"},"content":{"rendered":"<h4 class=\"wp-block-heading\">Data protection<\/h4>\r\n<p class=\" translation-block\">The data controller for your data is ARDE ADVISORY S.L., owned by M\u00f3nica Ardu\u00e1n Ortiz, with tax ID number (NIF) 11817502X, and with registered office at Calle N\u00fa\u00f1ez de Balboa 76, Madrid. Email:\u00a0info@ardeadvisory.com<\/p>\r\n<h4><br \/>Purpose and Legitimacy<\/h4>\r\n<p>The personal data that you provide during the pre-contractual and, where applicable, contractual relationship will be processed confidentially for the purposes of managing our services and attending to any enquiries you may make; they will also be used, in the event that you give your express consent, to send you commercial communications via traditional or electronic channels.<\/p>\r\n<p>Any data provided must be correct and belong to the user him or herself, and they must be accurate and truthful for the purposes for which they are requested; otherwise, you will be responsible for any inaccuracy.<\/p>\r\n<p>There is legitimate justification for the processing of these data, as they are necessary in order to enter into the pre-contractual and, where applicable, contractual relationship.<\/p>\r\n<h4><br \/>Assignment<\/h4>\r\n<p>Your data will not be passed on to third parties unless this is required in law or express authorisation is given. Third parties who provide services to the data controller may have access to the data in their capacity as data processors.<\/p>\r\n<h4><br \/>Term<\/h4>\r\n<p>Your data will be processed for the period that is strictly necessary in order to comply with the specific purpose or purposes that led to their collection. The personal data provided by the user in order to receive commercial communications will be kept until the data subject requests their deletion or withdraws his or her consent.<\/p>\r\n<p>The data controller will comply with the provisions of the regulations in force with regard to its duty to delete any personal data that is no longer required for the purpose or purposes for which it was collected, though it will encrypt data for the purposes of responding to any potential liability that may arise from the processing of the data in question, but only until such liability becomes legally time-barred<\/p>\r\n<h4><strong><br \/><\/strong>Rights<\/h4>\r\n<p>As the owner of your personal data, you may at any time exercise your rights of access, correction, deletion, objection, portability and restriction of processing, as set out in GDPR (EU) 2016\/679, by writing to Calle N\u00fa\u00f1ez de Balboa 76, Madrid 28006, or by sending an email to info@ardeadvisory.com headed \u201cData Protection\u201d. Your request must specify which of these rights you wish to exercise, and it must be accompanied by a photocopy of your National Identity Card or a similar identifying document. If you are not satisfied with the exercise of your rights or the way they are exercised, you may file a complaint with the Supervisory Authority.\u00a0You can obtain more information at www.agpd.es. <a href=\"mailto:info@ardeadvisory.com\">info@ardeadvisory.com<\/a>,\u00a0bajo el asunto de \u201cProtecci\u00f3n de datos\u201d. La solicitud deber\u00e1 especificar cu\u00e1l de estos derechos solicita que sea satisfecho y debe ir acompa\u00f1ada de una fotocopia de su DNI o documento identificativo equivalente. Cuando no haya obtenido satisfacci\u00f3n en el ejercicio de sus derechos o la forma de ejercerlos podr\u00e1 presentar una reclamaci\u00f3n ante la Autoridad de Control.\u00a0Obtenga m\u00e1s informaci\u00f3n en\u00a0<a href=\"http:\/\/www.agpd.es\/\">www.agpd.es<\/a>.<\/p>\r\n<p>&nbsp;<\/p>\r\n<p>Last update: April 2021<\/p>\r\n<p>&nbsp;<\/p>\r\n<p>&nbsp;<\/p>\r\n<p>&nbsp;<\/p>","protected":false},"excerpt":{"rendered":"<p>Responsable de tratamiento El responsable de tratamiento de sus datos es ARDE ADVISORY, bajo la titularidad de M\u00f3nica Ardu\u00e1n Ortiz, con NIF: 11817502X, y domicilio en consultar. Correo electr\u00f3nico: info@ardeadvisory.com Finalidades y legitimaci\u00f3n Los datos personales que nos proporcione en la relaci\u00f3n pre-contractual y, en su caso, contractual, ser\u00e1n tratados de forma confidencial con la [&hellip;]<\/p>","protected":false},"author":1,"featured_media":0,"parent":0,"menu_order":0,"comment_status":"closed","ping_status":"closed","template":"","meta":{"footnotes":""},"class_list":["post-3","page","type-page","status-publish","hentry"],"yoast_head":"<!-- This site is optimized with the Yoast SEO plugin v21.1 - https:\/\/yoast.com\/wordpress\/plugins\/seo\/ -->\n<title>Pol\u00edtica de privacidad - ARDE Advisory<\/title>\n<meta name=\"robots\" content=\"index, follow, max-snippet:-1, max-image-preview:large, max-video-preview:-1\" \/>\n<link rel=\"canonical\" href=\"https:\/\/ardeadvisory.com\/en\/politica-privacidad\/\" \/>\n<meta property=\"og:locale\" content=\"en_US\" \/>\n<meta property=\"og:type\" content=\"article\" \/>\n<meta property=\"og:title\" content=\"Pol\u00edtica de privacidad - ARDE Advisory\" \/>\n<meta property=\"og:description\" content=\"Responsable de tratamiento El responsable de tratamiento de sus datos es ARDE ADVISORY, bajo la titularidad de M\u00f3nica Ardu\u00e1n Ortiz, con NIF: 11817502X, y domicilio en consultar. Correo electr\u00f3nico: info@ardeadvisory.com Finalidades y legitimaci\u00f3n Los datos personales que nos proporcione en la relaci\u00f3n pre-contractual y, en su caso, contractual, ser\u00e1n tratados de forma confidencial con la [&hellip;]\" \/>\n<meta property=\"og:url\" content=\"https:\/\/ardeadvisory.com\/en\/politica-privacidad\/\" \/>\n<meta property=\"og:site_name\" content=\"ARDE Advisory\" \/>\n<meta property=\"article:modified_time\" content=\"2021-04-11T07:34:57+00:00\" \/>\n<meta name=\"twitter:card\" content=\"summary_large_image\" \/>\n<meta name=\"twitter:label1\" content=\"Est. reading time\" \/>\n\t<meta name=\"twitter:data1\" content=\"2 minutes\" \/>\n<script type=\"application\/ld+json\" class=\"yoast-schema-graph\">{\"@context\":\"https:\/\/schema.org\",\"@graph\":[{\"@type\":\"WebPage\",\"@id\":\"https:\/\/ardeadvisory.com\/politica-privacidad\/\",\"url\":\"https:\/\/ardeadvisory.com\/politica-privacidad\/\",\"name\":\"Pol\u00edtica de privacidad - ARDE Advisory\",\"isPartOf\":{\"@id\":\"https:\/\/ardeadvisory.com\/#website\"},\"datePublished\":\"2021-03-27T13:19:03+00:00\",\"dateModified\":\"2021-04-11T07:34:57+00:00\",\"breadcrumb\":{\"@id\":\"https:\/\/ardeadvisory.com\/politica-privacidad\/#breadcrumb\"},\"inLanguage\":\"en-US\",\"potentialAction\":[{\"@type\":\"ReadAction\",\"target\":[\"https:\/\/ardeadvisory.com\/politica-privacidad\/\"]}]},{\"@type\":\"BreadcrumbList\",\"@id\":\"https:\/\/ardeadvisory.com\/politica-privacidad\/#breadcrumb\",\"itemListElement\":[{\"@type\":\"ListItem\",\"position\":1,\"name\":\"Home\",\"item\":\"https:\/\/ardeadvisory.com\/\"},{\"@type\":\"ListItem\",\"position\":2,\"name\":\"Pol\u00edtica de privacidad\"}]},{\"@type\":\"WebSite\",\"@id\":\"https:\/\/ardeadvisory.com\/#website\",\"url\":\"https:\/\/ardeadvisory.com\/\",\"name\":\"ARDE Advisory\",\"description\":\"Real Estate Advisory\",\"potentialAction\":[{\"@type\":\"SearchAction\",\"target\":{\"@type\":\"EntryPoint\",\"urlTemplate\":\"https:\/\/ardeadvisory.com\/?s={search_term_string}\"},\"query-input\":\"required name=search_term_string\"}],\"inLanguage\":\"en-US\"}]}<\/script>\n<!-- \/ Yoast SEO plugin. -->","yoast_head_json":{"title":"Pol\u00edtica de privacidad - ARDE Advisory","robots":{"index":"index","follow":"follow","max-snippet":"max-snippet:-1","max-image-preview":"max-image-preview:large","max-video-preview":"max-video-preview:-1"},"canonical":"https:\/\/ardeadvisory.com\/en\/politica-privacidad\/","og_locale":"en_US","og_type":"article","og_title":"Pol\u00edtica de privacidad - ARDE Advisory","og_description":"Responsable de tratamiento El responsable de tratamiento de sus datos es ARDE ADVISORY, bajo la titularidad de M\u00f3nica Ardu\u00e1n Ortiz, con NIF: 11817502X, y domicilio en consultar. Correo electr\u00f3nico: info@ardeadvisory.com Finalidades y legitimaci\u00f3n Los datos personales que nos proporcione en la relaci\u00f3n pre-contractual y, en su caso, contractual, ser\u00e1n tratados de forma confidencial con la [&hellip;]","og_url":"https:\/\/ardeadvisory.com\/en\/politica-privacidad\/","og_site_name":"ARDE Advisory","article_modified_time":"2021-04-11T07:34:57+00:00","twitter_card":"summary_large_image","twitter_misc":{"Est. reading time":"2 minutes"},"schema":{"@context":"https:\/\/schema.org","@graph":[{"@type":"WebPage","@id":"https:\/\/ardeadvisory.com\/politica-privacidad\/","url":"https:\/\/ardeadvisory.com\/politica-privacidad\/","name":"Pol\u00edtica de privacidad - ARDE Advisory","isPartOf":{"@id":"https:\/\/ardeadvisory.com\/#website"},"datePublished":"2021-03-27T13:19:03+00:00","dateModified":"2021-04-11T07:34:57+00:00","breadcrumb":{"@id":"https:\/\/ardeadvisory.com\/politica-privacidad\/#breadcrumb"},"inLanguage":"en-US","potentialAction":[{"@type":"ReadAction","target":["https:\/\/ardeadvisory.com\/politica-privacidad\/"]}]},{"@type":"BreadcrumbList","@id":"https:\/\/ardeadvisory.com\/politica-privacidad\/#breadcrumb","itemListElement":[{"@type":"ListItem","position":1,"name":"Home","item":"https:\/\/ardeadvisory.com\/"},{"@type":"ListItem","position":2,"name":"Pol\u00edtica de privacidad"}]},{"@type":"WebSite","@id":"https:\/\/ardeadvisory.com\/#website","url":"https:\/\/ardeadvisory.com\/","name":"ARDE Advisory","description":"Real Estate Advisory","potentialAction":[{"@type":"SearchAction","target":{"@type":"EntryPoint","urlTemplate":"https:\/\/ardeadvisory.com\/?s={search_term_string}"},"query-input":"required name=search_term_string"}],"inLanguage":"en-US"}]}},"_links":{"self":[{"href":"https:\/\/ardeadvisory.com\/en\/wp-json\/wp\/v2\/pages\/3","targetHints":{"allow":["GET"]}}],"collection":[{"href":"https:\/\/ardeadvisory.com\/en\/wp-json\/wp\/v2\/pages"}],"about":[{"href":"https:\/\/ardeadvisory.com\/en\/wp-json\/wp\/v2\/types\/page"}],"author":[{"embeddable":true,"href":"https:\/\/ardeadvisory.com\/en\/wp-json\/wp\/v2\/users\/1"}],"replies":[{"embeddable":true,"href":"https:\/\/ardeadvisory.com\/en\/wp-json\/wp\/v2\/comments?post=3"}],"version-history":[{"count":2,"href":"https:\/\/ardeadvisory.com\/en\/wp-json\/wp\/v2\/pages\/3\/revisions"}],"predecessor-version":[{"id":26,"href":"https:\/\/ardeadvisory.com\/en\/wp-json\/wp\/v2\/pages\/3\/revisions\/26"}],"wp:attachment":[{"href":"https:\/\/ardeadvisory.com\/en\/wp-json\/wp\/v2\/media?parent=3"}],"curies":[{"name":"wp","href":"https:\/\/api.w.org\/{rel}","templated":true}]}}