{"id":10,"date":"2021-04-11T07:07:14","date_gmt":"2021-04-11T07:07:14","guid":{"rendered":"https:\/\/local.ardeadvisory.com\/?page_id=10"},"modified":"2021-04-11T07:32:24","modified_gmt":"2021-04-11T07:32:24","slug":"politica-de-cookies","status":"publish","type":"page","link":"https:\/\/ardeadvisory.com\/en\/politica-de-cookies\/","title":{"rendered":"Cookies policy"},"content":{"rendered":"<h4>What are cookies?<\/h4>\n<p class=\" translation-block\">Cookies are files that websites or applications install on the user's browser or device (smartphone, tablet, etc.) during their journey through the pages of the site or application, and serve to store information about their visit.<\/p>\n<p>In general, these technologies can serve a variety of purposes, such as, for example, recognizing the user, customizing the way content is displayed or learning how you use our website. Cookies can only be read by the server that placed them and cannot run any programs or viruses.<\/p>\n<h4>What type of Cookies are used by the webpage?<\/h4>\n<p>This website uses its own cookies, session cookies, for technical purposes, strictly necessary for its operation (those that allow the user to navigate through the website and the use of the different options and services that exist).<\/p>\n<p class=\" translation-block\">This website also uses third-party cookies, understood as those that are sent to the user's terminal from a computer or domain that is not managed by the editor but by another entity that processes the data obtained through the cookies. Specifically, we use performance and analysis cookies (those that allow us to quantify the number of users and thus perform the measurement and statistical analysis of the use made by users of the service offered) from Google Analytics.<\/p>\n<h4>Performance, deactivating and deletion of cookies<\/h4>\n<p>To configure or disable cookies you can access the options of the browser installed on your computer. You can then access the settings of the most common web browsers to accept, install or disable cookies:<\/p>\n<p><strong>Chrome<\/strong>, from<br \/>\n<a href=\"https:\/\/support.google.com\/chrome\/bin\/answer.py?hl=es&amp;answer=95647\">http:\/\/support.google.com\/chrome\/bin\/answer.py?hl=es&amp;answer=95647<\/a><\/p>\n<p><strong>Explorer<\/strong>, from<br \/>\n<a href=\"https:\/\/support.microsoft.com\/es-es\/products\/windows?os=windows-10\">https:\/\/support.microsoft.com\/es-es\/products\/windows?os=windows-10<\/a><\/p>\n<p><strong>Firefox<\/strong>, from<br \/>\n<a href=\"https:\/\/support.mozilla.org\/es\/kb\/habilitar-y-deshabilitar-cookies-que-los-sitios-web\">https:\/\/support.mozilla.org\/es\/kb\/habilitar-y-deshabilitar-cookies-que-los-sitios-web<\/a><\/p>\n<p><strong>Safari<\/strong>, from<br \/>\n<a href=\"https:\/\/support.apple.com\/kb\/ph5042\">http:\/\/support.apple.com\/kb\/ph5042<\/a><\/p>\n<p>Remember that some features of the contents of the Web are only available if you allow the installation of cookies in your browser. If you block the installation of cookies, you may not be able to access all or part of the Web or some of its features.<\/p>\n<h4>Updating the Cookie Policy<\/h4>\n<p>This Cookies Policy may vary according to new legislative or regulatory requirements, or in order to adapt this policy to the instructions issued by the Spanish Data Protection Agency.<\/p>\n<p>&nbsp;<\/p>\n<p>Last update: April 2021<\/p>\n<p>&nbsp;<\/p>\n<p>&nbsp;<\/p>\n<p>&nbsp;<\/p>","protected":false},"excerpt":{"rendered":"<p>\u00bfQu\u00e9 son las cookies? Las cookies son archivos que los sitios webs o las aplicaciones instalan en el navegador o en el dispositivo del usuario (smartphone, Tablet, etc.) durante su recorrido por las p\u00e1ginas del sitio o por la aplicaci\u00f3n, y sirven para almacenar informaci\u00f3n sobre su visita. En general, estas tecnolog\u00edas pueden servir para [&hellip;]<\/p>","protected":false},"author":1,"featured_media":0,"parent":0,"menu_order":0,"comment_status":"closed","ping_status":"closed","template":"","meta":{"footnotes":""},"class_list":["post-10","page","type-page","status-publish","hentry"],"yoast_head":"<!-- This site is optimized with the Yoast SEO plugin v21.1 - https:\/\/yoast.com\/wordpress\/plugins\/seo\/ -->\n<title>Pol\u00edtica de cookies - ARDE Advisory<\/title>\n<meta name=\"robots\" content=\"index, follow, max-snippet:-1, max-image-preview:large, max-video-preview:-1\" \/>\n<link rel=\"canonical\" href=\"https:\/\/ardeadvisory.com\/en\/politica-de-cookies\/\" \/>\n<meta property=\"og:locale\" content=\"en_US\" \/>\n<meta property=\"og:type\" content=\"article\" \/>\n<meta property=\"og:title\" content=\"Pol\u00edtica de cookies - ARDE Advisory\" \/>\n<meta property=\"og:description\" content=\"\u00bfQu\u00e9 son las cookies? Las cookies son archivos que los sitios webs o las aplicaciones instalan en el navegador o en el dispositivo del usuario (smartphone, Tablet, etc.) durante su recorrido por las p\u00e1ginas del sitio o por la aplicaci\u00f3n, y sirven para almacenar informaci\u00f3n sobre su visita. En general, estas tecnolog\u00edas pueden servir para [&hellip;]\" \/>\n<meta property=\"og:url\" content=\"https:\/\/ardeadvisory.com\/en\/politica-de-cookies\/\" \/>\n<meta property=\"og:site_name\" content=\"ARDE Advisory\" \/>\n<meta property=\"article:modified_time\" content=\"2021-04-11T07:32:24+00:00\" \/>\n<meta name=\"twitter:card\" content=\"summary_large_image\" \/>\n<meta name=\"twitter:label1\" content=\"Est. reading time\" \/>\n\t<meta name=\"twitter:data1\" content=\"2 minutes\" \/>\n<script type=\"application\/ld+json\" class=\"yoast-schema-graph\">{\"@context\":\"https:\/\/schema.org\",\"@graph\":[{\"@type\":\"WebPage\",\"@id\":\"https:\/\/ardeadvisory.com\/politica-de-cookies\/\",\"url\":\"https:\/\/ardeadvisory.com\/politica-de-cookies\/\",\"name\":\"Pol\u00edtica de cookies - ARDE Advisory\",\"isPartOf\":{\"@id\":\"https:\/\/ardeadvisory.com\/#website\"},\"datePublished\":\"2021-04-11T07:07:14+00:00\",\"dateModified\":\"2021-04-11T07:32:24+00:00\",\"breadcrumb\":{\"@id\":\"https:\/\/ardeadvisory.com\/politica-de-cookies\/#breadcrumb\"},\"inLanguage\":\"en-US\",\"potentialAction\":[{\"@type\":\"ReadAction\",\"target\":[\"https:\/\/ardeadvisory.com\/politica-de-cookies\/\"]}]},{\"@type\":\"BreadcrumbList\",\"@id\":\"https:\/\/ardeadvisory.com\/politica-de-cookies\/#breadcrumb\",\"itemListElement\":[{\"@type\":\"ListItem\",\"position\":1,\"name\":\"Home\",\"item\":\"https:\/\/ardeadvisory.com\/\"},{\"@type\":\"ListItem\",\"position\":2,\"name\":\"Pol\u00edtica de cookies\"}]},{\"@type\":\"WebSite\",\"@id\":\"https:\/\/ardeadvisory.com\/#website\",\"url\":\"https:\/\/ardeadvisory.com\/\",\"name\":\"ARDE Advisory\",\"description\":\"Real Estate Advisory\",\"potentialAction\":[{\"@type\":\"SearchAction\",\"target\":{\"@type\":\"EntryPoint\",\"urlTemplate\":\"https:\/\/ardeadvisory.com\/?s={search_term_string}\"},\"query-input\":\"required name=search_term_string\"}],\"inLanguage\":\"en-US\"}]}<\/script>\n<!-- \/ Yoast SEO plugin. -->","yoast_head_json":{"title":"Pol\u00edtica de cookies - ARDE Advisory","robots":{"index":"index","follow":"follow","max-snippet":"max-snippet:-1","max-image-preview":"max-image-preview:large","max-video-preview":"max-video-preview:-1"},"canonical":"https:\/\/ardeadvisory.com\/en\/politica-de-cookies\/","og_locale":"en_US","og_type":"article","og_title":"Pol\u00edtica de cookies - ARDE Advisory","og_description":"\u00bfQu\u00e9 son las cookies? Las cookies son archivos que los sitios webs o las aplicaciones instalan en el navegador o en el dispositivo del usuario (smartphone, Tablet, etc.) durante su recorrido por las p\u00e1ginas del sitio o por la aplicaci\u00f3n, y sirven para almacenar informaci\u00f3n sobre su visita. En general, estas tecnolog\u00edas pueden servir para [&hellip;]","og_url":"https:\/\/ardeadvisory.com\/en\/politica-de-cookies\/","og_site_name":"ARDE Advisory","article_modified_time":"2021-04-11T07:32:24+00:00","twitter_card":"summary_large_image","twitter_misc":{"Est. reading time":"2 minutes"},"schema":{"@context":"https:\/\/schema.org","@graph":[{"@type":"WebPage","@id":"https:\/\/ardeadvisory.com\/politica-de-cookies\/","url":"https:\/\/ardeadvisory.com\/politica-de-cookies\/","name":"Pol\u00edtica de cookies - ARDE Advisory","isPartOf":{"@id":"https:\/\/ardeadvisory.com\/#website"},"datePublished":"2021-04-11T07:07:14+00:00","dateModified":"2021-04-11T07:32:24+00:00","breadcrumb":{"@id":"https:\/\/ardeadvisory.com\/politica-de-cookies\/#breadcrumb"},"inLanguage":"en-US","potentialAction":[{"@type":"ReadAction","target":["https:\/\/ardeadvisory.com\/politica-de-cookies\/"]}]},{"@type":"BreadcrumbList","@id":"https:\/\/ardeadvisory.com\/politica-de-cookies\/#breadcrumb","itemListElement":[{"@type":"ListItem","position":1,"name":"Home","item":"https:\/\/ardeadvisory.com\/"},{"@type":"ListItem","position":2,"name":"Pol\u00edtica de cookies"}]},{"@type":"WebSite","@id":"https:\/\/ardeadvisory.com\/#website","url":"https:\/\/ardeadvisory.com\/","name":"ARDE Advisory","description":"Real Estate Advisory","potentialAction":[{"@type":"SearchAction","target":{"@type":"EntryPoint","urlTemplate":"https:\/\/ardeadvisory.com\/?s={search_term_string}"},"query-input":"required name=search_term_string"}],"inLanguage":"en-US"}]}},"_links":{"self":[{"href":"https:\/\/ardeadvisory.com\/en\/wp-json\/wp\/v2\/pages\/10","targetHints":{"allow":["GET"]}}],"collection":[{"href":"https:\/\/ardeadvisory.com\/en\/wp-json\/wp\/v2\/pages"}],"about":[{"href":"https:\/\/ardeadvisory.com\/en\/wp-json\/wp\/v2\/types\/page"}],"author":[{"embeddable":true,"href":"https:\/\/ardeadvisory.com\/en\/wp-json\/wp\/v2\/users\/1"}],"replies":[{"embeddable":true,"href":"https:\/\/ardeadvisory.com\/en\/wp-json\/wp\/v2\/comments?post=10"}],"version-history":[{"count":5,"href":"https:\/\/ardeadvisory.com\/en\/wp-json\/wp\/v2\/pages\/10\/revisions"}],"predecessor-version":[{"id":24,"href":"https:\/\/ardeadvisory.com\/en\/wp-json\/wp\/v2\/pages\/10\/revisions\/24"}],"wp:attachment":[{"href":"https:\/\/ardeadvisory.com\/en\/wp-json\/wp\/v2\/media?parent=10"}],"curies":[{"name":"wp","href":"https:\/\/api.w.org\/{rel}","templated":true}]}}